{"id":2264,"date":"2023-03-22T09:58:49","date_gmt":"2023-03-22T09:58:49","guid":{"rendered":"https:\/\/shtheme.com\/demosd\/thecappawp\/?page_id=2264"},"modified":"2026-02-06T15:35:26","modified_gmt":"2026-02-06T14:35:26","slug":"mentions-legales-et-cgu","status":"publish","type":"page","link":"https:\/\/thebesthotelsmag.com\/fr\/mentions-legales-et-cgu\/","title":{"rendered":"Mentions l\u00e9gales et CGU"},"content":{"rendered":"\t\t<div data-elementor-type=\"wp-page\" data-elementor-id=\"2264\" class=\"elementor elementor-2264\" data-elementor-post-type=\"page\">\n\t\t\t\t\t\t<section class=\"elementor-section elementor-top-section elementor-element elementor-element-3d84309 elementor-section-full_width elementor-section-height-default elementor-section-height-default\" data-id=\"3d84309\" data-element_type=\"section\" data-e-type=\"section\">\n\t\t\t\t\t\t<div class=\"elementor-container elementor-column-gap-no\">\n\t\t\t\t\t<div class=\"elementor-column elementor-col-100 elementor-top-column elementor-element elementor-element-3a5d700\" data-id=\"3a5d700\" data-element_type=\"column\" data-e-type=\"column\">\n\t\t\t<div class=\"elementor-widget-wrap elementor-element-populated\">\n\t\t\t\t\t\t<div class=\"elementor-element elementor-element-be32157 elementor-align-left elementor-widget elementor-widget-pages-banner\" data-id=\"be32157\" data-element_type=\"widget\" data-e-type=\"widget\" data-widget_type=\"pages-banner.default\">\n\t\t\t\t<div class=\"elementor-widget-container\">\n\t\t\t\t\t\r\n\t\t\t\t<div class=\"banner-header section-padding valign bg-img bg-fixed\" data-overlay-dark=\"4\" data-background=\"https:\/\/thebesthotelsmag.com\/wp-content\/uploads\/2024\/07\/hotel-image-banner.jpeg\">\r\n\t\t\t\t\t<div class=\"container\">\r\n\t\t\t\t<div class=\"row\">\r\n\t\t\t\t\t<div class=\"col-md-12 caption mt-90\">\r\n\t\t\t\t\t\t\t\t\t\t\t\t\t\t\t\t\t\t<h1>Mentions l\u00e9gales et CGU<\/h1>\r\n\t\t\t\t\t\t\t\t\t\t\t<\/div>\r\n\t\t\t\t<\/div>\r\n\t\t\t<\/div>\r\n\t\t<\/div>\r\n\r\n\t\t\t\t\t<\/div>\n\t\t\t\t<\/div>\n\t\t\t\t\t<\/div>\n\t\t<\/div>\n\t\t\t\t\t<\/div>\n\t\t<\/section>\n\t\t\t\t<section class=\"elementor-section elementor-top-section elementor-element elementor-element-2e76767 elementor-section-full_width elementor-section-height-default elementor-section-height-default\" data-id=\"2e76767\" data-element_type=\"section\" data-e-type=\"section\">\n\t\t\t\t\t\t<div class=\"elementor-container elementor-column-gap-no\">\n\t\t\t\t\t<div class=\"elementor-column elementor-col-100 elementor-top-column elementor-element elementor-element-5d8229c\" data-id=\"5d8229c\" data-element_type=\"column\" data-e-type=\"column\">\n\t\t\t<div class=\"elementor-widget-wrap elementor-element-populated\">\n\t\t\t\t\t\t<div class=\"elementor-element elementor-element-5805732 elementor-align-left elementor-widget elementor-widget-pages-faq\" data-id=\"5805732\" data-element_type=\"widget\" data-e-type=\"widget\" data-widget_type=\"pages-faq.default\">\n\t\t\t\t<div class=\"elementor-widget-container\">\n\t\t\t\t\t\r\n\t\t\t\t<section class=\"section-padding bg-cream\">\r\n\t\t \r\n\t\t\t<div class=\"container\">\r\n\t\t\t\t<div class=\"row\">\r\n\t\t\t\t\t<div class=\"col-md-12\">\r\n\t\t\t\t\t\t\t\t\t\t\t\t\t\t\t\t\t<\/div>\r\n\t\t\t\t\t<div class=\"col-md-12\">\r\n\t\t\t\t\t\t<ul class=\"accordion-box clearfix\">\r\n\t\t\t\t\t\t\t\t\t\t\t\t\t\t\t<li class=\"accordion block\">\r\n\t\t\t\t\t\t\t\t\t\t\t\t\t\t\t\t\t\t\t<div class=\"acc-btn\">Propri\u00e9t\u00e9 Intellectuelle\n<\/div>\r\n\t\t\t\t\t\t\t\t\t\t\t\t\t\t\t\t\t\t\t\t\t\t\t\t\t\t\t\t<div class=\"acc-content\">\r\n\t\t\t\t\t\t\t\t\t\t\t<div class=\"content\">\r\n\t\t\t\t\t\t\t\t\t\t\t\t<div class=\"text\">L'ensemble des contenus pr\u00e9sents sur le site TheBestHotelsMag, incluant les textes, images, graphismes, logos, vid\u00e9os et ic\u00f4nes, sont la propri\u00e9t\u00e9 exclusive de ThebesthotelsMag ou de ses partenaires, sauf mention contraire explicite. Toute reproduction, repr\u00e9sentation, modification, publication, transmission, d\u00e9naturation, totale ou partielle des \u00e9l\u00e9ments du site, est interdite sans l'autorisation \u00e9crite de ThebesthotelsMag.<\/div>\r\n\t\t\t\t\t\t\t\t\t\t\t<\/div>\r\n\t\t\t\t\t\t\t\t\t\t<\/div>\r\n\t\t\t\t\t\t\t\t\t\t\t\t\t\t\t\t\t<\/li>\r\n\t\t\t\t\t\t\t\t\t\t\t\t\t\t\t<li class=\"accordion block\">\r\n\t\t\t\t\t\t\t\t\t\t\t\t\t\t\t\t\t\t\t<div class=\"acc-btn\">Donn\u00e9es Personnelles\n<\/div>\r\n\t\t\t\t\t\t\t\t\t\t\t\t\t\t\t\t\t\t\t\t\t\t\t\t\t\t\t\t<div class=\"acc-content\">\r\n\t\t\t\t\t\t\t\t\t\t\t<div class=\"content\">\r\n\t\t\t\t\t\t\t\t\t\t\t\t<div class=\"text\">Le site ThebesthotelsMag ne collecte aucune donn\u00e9e personnelle. En cons\u00e9quence, aucun droit d'acc\u00e8s, de rectification, de suppression ou d'opposition aux donn\u00e9es personnelles n'est applicable.<\/div>\r\n\t\t\t\t\t\t\t\t\t\t\t<\/div>\r\n\t\t\t\t\t\t\t\t\t\t<\/div>\r\n\t\t\t\t\t\t\t\t\t\t\t\t\t\t\t\t\t<\/li>\r\n\t\t\t\t\t\t\t\t\t\t\t\t\t\t\t<li class=\"accordion block\">\r\n\t\t\t\t\t\t\t\t\t\t\t\t\t\t\t\t\t\t\t<div class=\"acc-btn\">Responsabilit\u00e9<\/div>\r\n\t\t\t\t\t\t\t\t\t\t\t\t\t\t\t\t\t\t\t\t\t\t\t\t\t\t\t\t<div class=\"acc-content\">\r\n\t\t\t\t\t\t\t\t\t\t\t<div class=\"content\">\r\n\t\t\t\t\t\t\t\t\t\t\t\t<div class=\"text\">ThebesthotelsMag ne saurait \u00eatre tenu responsable des \u00e9ventuelles erreurs ou omissions pr\u00e9sentes sur le site, ni des dommages directs ou indirects pouvant r\u00e9sulter de l'acc\u00e8s ou de l'utilisation du site, y compris les inaccessibilit\u00e9s, pertes de donn\u00e9es, d\u00e9t\u00e9riorations, destructions ou virus pouvant affecter l'\u00e9quipement informatique de l'utilisateur.<\/div>\r\n\t\t\t\t\t\t\t\t\t\t\t<\/div>\r\n\t\t\t\t\t\t\t\t\t\t<\/div>\r\n\t\t\t\t\t\t\t\t\t\t\t\t\t\t\t\t\t<\/li>\r\n\t\t\t\t\t\t\t\t\t\t\t\t\t\t\t<li class=\"accordion block\">\r\n\t\t\t\t\t\t\t\t\t\t\t\t\t\t\t\t\t\t\t<div class=\"acc-btn\">Conditions g\u00e9n\u00e9rales d'utilisation<\/div>\r\n\t\t\t\t\t\t\t\t\t\t\t\t\t\t\t\t\t\t\t\t\t\t\t\t\t\t\t\t<div class=\"acc-content\">\r\n\t\t\t\t\t\t\t\t\t\t\t<div class=\"content\">\r\n\t\t\t\t\t\t\t\t\t\t\t\t<div class=\"text\">Les pr\u00e9sentes Conditions G\u00e9n\u00e9rales d'Utilisation (CGU) ont pour objet de d\u00e9finir les modalit\u00e9s et conditions dans lesquelles les utilisateurs peuvent acc\u00e9der et utiliser le site ThebesthotelsMag. En acc\u00e9dant au site, vous acceptez sans r\u00e9serve les pr\u00e9sentes CGU.<\/div>\r\n\t\t\t\t\t\t\t\t\t\t\t<\/div>\r\n\t\t\t\t\t\t\t\t\t\t<\/div>\r\n\t\t\t\t\t\t\t\t\t\t\t\t\t\t\t\t\t<\/li>\r\n\t\t\t\t\t\t\t\t\t\t\t\t\t\t\t<li class=\"accordion block\">\r\n\t\t\t\t\t\t\t\t\t\t\t\t\t\t\t\t\t\t\t<div class=\"acc-btn\">Acc\u00e8s au Site<\/div>\r\n\t\t\t\t\t\t\t\t\t\t\t\t\t\t\t\t\t\t\t\t\t\t\t\t\t\t\t\t<div class=\"acc-content\">\r\n\t\t\t\t\t\t\t\t\t\t\t<div class=\"content\">\r\n\t\t\t\t\t\t\t\t\t\t\t\t<div class=\"text\">Le site ThebesthotelsMag est accessible gratuitement \u00e0 tout utilisateur disposant d'un acc\u00e8s \u00e0 internet. Tous les co\u00fbts relatifs \u00e0 l'acc\u00e8s au site, que ce soit les frais mat\u00e9riels, logiciels ou d'acc\u00e8s \u00e0 internet, sont exclusivement \u00e0 la charge de l'utilisateur. ThebesthotelsMag se r\u00e9serve le droit de suspendre ou de mettre fin \u00e0 l'acc\u00e8s au site sans pr\u00e9avis, notamment en cas de maintenance ou de force majeure.<\/div>\r\n\t\t\t\t\t\t\t\t\t\t\t<\/div>\r\n\t\t\t\t\t\t\t\t\t\t<\/div>\r\n\t\t\t\t\t\t\t\t\t\t\t\t\t\t\t\t\t<\/li>\r\n\t\t\t\t\t\t\t\t\t\t\t\t\t\t\t<li class=\"accordion block\">\r\n\t\t\t\t\t\t\t\t\t\t\t\t\t\t\t\t\t\t\t<div class=\"acc-btn\">Utilisation des Contenus<\/div>\r\n\t\t\t\t\t\t\t\t\t\t\t\t\t\t\t\t\t\t\t\t\t\t\t\t\t\t\t\t<div class=\"acc-content\">\r\n\t\t\t\t\t\t\t\t\t\t\t<div class=\"content\">\r\n\t\t\t\t\t\t\t\t\t\t\t\t<div class=\"text\">L'utilisateur s'engage \u00e0 utiliser les contenus du site dans un cadre strictement personnel et non commercial. Toute utilisation, reproduction ou diffusion des contenus \u00e0 des fins commerciales est strictement interdite sans l'autorisation pr\u00e9alable de Thebesthotelsww. L'utilisateur s'interdit \u00e9galement de diffuser des contenus illicites, diffamatoires ou portant atteinte aux droits de tiers.<\/div>\r\n\t\t\t\t\t\t\t\t\t\t\t<\/div>\r\n\t\t\t\t\t\t\t\t\t\t<\/div>\r\n\t\t\t\t\t\t\t\t\t\t\t\t\t\t\t\t\t<\/li>\r\n\t\t\t\t\t\t\t\t\t\t\t\t\t\t\t<li class=\"accordion block\">\r\n\t\t\t\t\t\t\t\t\t\t\t\t\t\t\t\t\t\t\t<div class=\"acc-btn\">Modifications des CGU<\/div>\r\n\t\t\t\t\t\t\t\t\t\t\t\t\t\t\t\t\t\t\t\t\t\t\t\t\t\t\t\t<div class=\"acc-content\">\r\n\t\t\t\t\t\t\t\t\t\t\t<div class=\"content\">\r\n\t\t\t\t\t\t\t\t\t\t\t\t<div class=\"text\">ThebesthotelsMag se r\u00e9serve le droit de modifier \u00e0 tout moment les pr\u00e9sentes CGU. Les modifications entrent en vigueur d\u00e8s leur publication sur le site. En continuant \u00e0 utiliser le site apr\u00e8s la publication des modifications, l'utilisateur accepte les nouvelles CGU. Il est donc recommand\u00e9 de consulter r\u00e9guli\u00e8rement cette page pour se tenir inform\u00e9 des \u00e9ventuelles mises \u00e0 jour.<\/div>\r\n\t\t\t\t\t\t\t\t\t\t\t<\/div>\r\n\t\t\t\t\t\t\t\t\t\t<\/div>\r\n\t\t\t\t\t\t\t\t\t\t\t\t\t\t\t\t\t<\/li>\r\n\t\t\t\t\t\t\t\t\t\t\t\t\t<\/ul>\r\n\t\t\t\t\t<\/div>\r\n\t\t\t\t<\/div>\r\n\t\t\t<\/div>\r\n\t\t<\/section>\r\n\r\n\t\t\r\n\t\t\t\t\t<\/div>\n\t\t\t\t<\/div>\n\t\t\t\t\t<\/div>\n\t\t<\/div>\n\t\t\t\t\t<\/div>\n\t\t<\/section>\n\t\t\t\t<\/div>\n\t\t","protected":false},"excerpt":{"rendered":"<p>Mentions l\u00e9gales et CGU Propri\u00e9t\u00e9 Intellectuelle L&rsquo;ensemble des contenus pr\u00e9sents sur le site TheBestHotelsMag, incluant les textes, images, graphismes, logos, vid\u00e9os et ic\u00f4nes, sont la propri\u00e9t\u00e9 exclusive de ThebesthotelsMag ou de ses partenaires, sauf mention contraire explicite. Toute reproduction, repr\u00e9sentation, modification, publication, transmission, d\u00e9naturation, totale ou partielle des \u00e9l\u00e9ments du site, est interdite sans l&rsquo;autorisation [&hellip;]<\/p>\n","protected":false},"author":5,"featured_media":0,"parent":0,"menu_order":0,"comment_status":"closed","ping_status":"closed","template":"page-templates\/home.php","meta":{"_acf_changed":false,"footnotes":""},"class_list":["post-2264","page","type-page","status-publish","hentry"],"acf":[],"yoast_head":"<!-- This site is optimized with the Yoast SEO Premium plugin v24.2 (Yoast SEO v27.4) - https:\/\/yoast.com\/product\/yoast-seo-premium-wordpress\/ -->\n<title>Mentions l\u00e9gales et CGU - Thebesthotelsmag<\/title>\n<meta name=\"description\" content=\"D\u00e9couvrez notre s\u00e9lection d&#039;h\u00f4tels de qualit\u00e9, des h\u00f4tels de luxe aux boutiques-h\u00f4tels uniques, offrant confort, service impeccable et localisation id\u00e9ale. Trouvez et r\u00e9servez l\u2019h\u00e9bergement parfait pour vos voyages d\u2019affaires, escapades romantiques ou vacances en famille.\" \/>\n<meta name=\"robots\" content=\"index, follow, max-snippet:-1, max-image-preview:large, max-video-preview:-1\" \/>\n<link rel=\"canonical\" href=\"https:\/\/thebesthotelsmag.com\/fr\/mentions-legales-et-cgu\/\" \/>\n<meta property=\"og:locale\" content=\"fr_FR\" \/>\n<meta property=\"og:type\" content=\"article\" \/>\n<meta property=\"og:title\" content=\"Mentions l\u00e9gales et CGU\" \/>\n<meta property=\"og:description\" content=\"D\u00e9couvrez notre s\u00e9lection d&#039;h\u00f4tels de qualit\u00e9, des h\u00f4tels de luxe aux boutiques-h\u00f4tels uniques, offrant confort, service impeccable et localisation id\u00e9ale. Trouvez et r\u00e9servez l\u2019h\u00e9bergement parfait pour vos voyages d\u2019affaires, escapades romantiques ou vacances en famille.\" \/>\n<meta property=\"og:url\" content=\"https:\/\/thebesthotelsmag.com\/fr\/mentions-legales-et-cgu\/\" \/>\n<meta property=\"og:site_name\" content=\"Thebesthotelsmag\" \/>\n<meta property=\"article:publisher\" content=\"https:\/\/www.facebook.com\/people\/Best-Hotels-Worldwide\/61560334858085\/\" \/>\n<meta property=\"article:modified_time\" content=\"2026-02-06T14:35:26+00:00\" \/>\n<meta property=\"og:image\" content=\"https:\/\/thebesthotelsmag.com\/wp-content\/uploads\/2025\/01\/TBHWW-blanc-et-or.png\" \/>\n\t<meta property=\"og:image:width\" content=\"1379\" \/>\n\t<meta property=\"og:image:height\" content=\"738\" \/>\n\t<meta property=\"og:image:type\" content=\"image\/png\" \/>\n<meta name=\"twitter:card\" content=\"summary_large_image\" \/>\n<meta name=\"twitter:label1\" content=\"Dur\u00e9e de lecture estim\u00e9e\" \/>\n\t<meta name=\"twitter:data1\" content=\"2 minutes\" \/>\n<script type=\"application\/ld+json\" class=\"yoast-schema-graph\">{\"@context\":\"https:\\\/\\\/schema.org\",\"@graph\":[{\"@type\":\"WebPage\",\"@id\":\"https:\\\/\\\/thebesthotelsmag.com\\\/fr\\\/mentions-legales-et-cgu\\\/\",\"url\":\"https:\\\/\\\/thebesthotelsmag.com\\\/fr\\\/mentions-legales-et-cgu\\\/\",\"name\":\"Mentions l\u00e9gales et CGU - Thebesthotelsmag\",\"isPartOf\":{\"@id\":\"https:\\\/\\\/thebesthotelsmag.com\\\/#website\"},\"datePublished\":\"2023-03-22T09:58:49+00:00\",\"dateModified\":\"2026-02-06T14:35:26+00:00\",\"description\":\"D\u00e9couvrez notre s\u00e9lection d'h\u00f4tels de qualit\u00e9, des h\u00f4tels de luxe aux boutiques-h\u00f4tels uniques, offrant confort, service impeccable et localisation id\u00e9ale. Trouvez et r\u00e9servez l\u2019h\u00e9bergement parfait pour vos voyages d\u2019affaires, escapades romantiques ou vacances en famille.\",\"breadcrumb\":{\"@id\":\"https:\\\/\\\/thebesthotelsmag.com\\\/fr\\\/mentions-legales-et-cgu\\\/#breadcrumb\"},\"inLanguage\":\"fr-FR\",\"potentialAction\":[{\"@type\":\"ReadAction\",\"target\":[\"https:\\\/\\\/thebesthotelsmag.com\\\/fr\\\/mentions-legales-et-cgu\\\/\"]}]},{\"@type\":\"BreadcrumbList\",\"@id\":\"https:\\\/\\\/thebesthotelsmag.com\\\/fr\\\/mentions-legales-et-cgu\\\/#breadcrumb\",\"itemListElement\":[{\"@type\":\"ListItem\",\"position\":1,\"name\":\"Home\",\"item\":\"https:\\\/\\\/thebesthotelsmag.com\\\/\"},{\"@type\":\"ListItem\",\"position\":2,\"name\":\"Mentions l\u00e9gales et CGU\"}]},{\"@type\":\"WebSite\",\"@id\":\"https:\\\/\\\/thebesthotelsmag.com\\\/#website\",\"url\":\"https:\\\/\\\/thebesthotelsmag.com\\\/\",\"name\":\"Thebesthotelsww\",\"description\":\"The Best Hotels Mag\",\"publisher\":{\"@id\":\"https:\\\/\\\/thebesthotelsmag.com\\\/#organization\"},\"alternateName\":\"The best hotels worldwide\",\"potentialAction\":[{\"@type\":\"SearchAction\",\"target\":{\"@type\":\"EntryPoint\",\"urlTemplate\":\"https:\\\/\\\/thebesthotelsmag.com\\\/?s={search_term_string}\"},\"query-input\":{\"@type\":\"PropertyValueSpecification\",\"valueRequired\":true,\"valueName\":\"search_term_string\"}}],\"inLanguage\":\"fr-FR\"},{\"@type\":\"Organization\",\"@id\":\"https:\\\/\\\/thebesthotelsmag.com\\\/#organization\",\"name\":\"thebesthotelsmag\",\"url\":\"https:\\\/\\\/thebesthotelsmag.com\\\/\",\"logo\":{\"@type\":\"ImageObject\",\"inLanguage\":\"fr-FR\",\"@id\":\"https:\\\/\\\/thebesthotelsmag.com\\\/#\\\/schema\\\/logo\\\/image\\\/\",\"url\":\"https:\\\/\\\/thebesthotelsmag.com\\\/wp-content\\\/uploads\\\/2026\\\/02\\\/logo-fond-perdu.png\",\"contentUrl\":\"https:\\\/\\\/thebesthotelsmag.com\\\/wp-content\\\/uploads\\\/2026\\\/02\\\/logo-fond-perdu.png\",\"width\":1536,\"height\":1024,\"caption\":\"thebesthotelsmag\"},\"image\":{\"@id\":\"https:\\\/\\\/thebesthotelsmag.com\\\/#\\\/schema\\\/logo\\\/image\\\/\"},\"sameAs\":[\"https:\\\/\\\/www.facebook.com\\\/people\\\/Best-Hotels-Worldwide\\\/61560334858085\\\/\",\"https:\\\/\\\/www.instagram.com\\\/the.best.hotels.worldwide\\\/\",\"https:\\\/\\\/www.youtube.com\\\/@thebesthotelsworldwide-en6pm\"],\"description\":\"The Best Hotels Worldwide est une plateforme d\u00e9di\u00e9e aux voyageurs exigeants en qu\u00eate d\u2019exp\u00e9riences d\u2019h\u00e9bergement exceptionnelles \u00e0 travers le monde. Nous s\u00e9lectionnons avec soin les h\u00f4tels de luxe, les boutiques-h\u00f4tels uniques et les r\u00e9sidences de charme pour offrir \u00e0 nos visiteurs une liste tri\u00e9e sur le volet d\u2019\u00e9tablissements qui allient confort, \u00e9l\u00e9gance et qualit\u00e9 de service. Que vous planifiiez un voyage d'affaires, une escapade romantique, ou des vacances en famille, The Best Hotels Worldwide vous guide vers des options d'h\u00e9bergement qui r\u00e9pondent \u00e0 vos attentes.\",\"email\":\"info@tbh.eu.com\",\"telephone\":\"+ 33 1 84 80 00 07\",\"publishingPrinciples\":\"https:\\\/\\\/thebesthotelsmag.com\\\/fr\\\/mentions-legales-et-cgu\\\/\"}]}<\/script>\n<!-- \/ Yoast SEO Premium plugin. -->","yoast_head_json":{"title":"Mentions l\u00e9gales et CGU - Thebesthotelsmag","description":"D\u00e9couvrez notre s\u00e9lection d'h\u00f4tels de qualit\u00e9, des h\u00f4tels de luxe aux boutiques-h\u00f4tels uniques, offrant confort, service impeccable et localisation id\u00e9ale. Trouvez et r\u00e9servez l\u2019h\u00e9bergement parfait pour vos voyages d\u2019affaires, escapades romantiques ou vacances en famille.","robots":{"index":"index","follow":"follow","max-snippet":"max-snippet:-1","max-image-preview":"max-image-preview:large","max-video-preview":"max-video-preview:-1"},"canonical":"https:\/\/thebesthotelsmag.com\/fr\/mentions-legales-et-cgu\/","og_locale":"fr_FR","og_type":"article","og_title":"Mentions l\u00e9gales et CGU","og_description":"D\u00e9couvrez notre s\u00e9lection d'h\u00f4tels de qualit\u00e9, des h\u00f4tels de luxe aux boutiques-h\u00f4tels uniques, offrant confort, service impeccable et localisation id\u00e9ale. Trouvez et r\u00e9servez l\u2019h\u00e9bergement parfait pour vos voyages d\u2019affaires, escapades romantiques ou vacances en famille.","og_url":"https:\/\/thebesthotelsmag.com\/fr\/mentions-legales-et-cgu\/","og_site_name":"Thebesthotelsmag","article_publisher":"https:\/\/www.facebook.com\/people\/Best-Hotels-Worldwide\/61560334858085\/","article_modified_time":"2026-02-06T14:35:26+00:00","og_image":[{"width":1379,"height":738,"url":"https:\/\/thebesthotelsmag.com\/wp-content\/uploads\/2025\/01\/TBHWW-blanc-et-or.png","type":"image\/png"}],"twitter_card":"summary_large_image","twitter_misc":{"Dur\u00e9e de lecture estim\u00e9e":"2 minutes"},"schema":{"@context":"https:\/\/schema.org","@graph":[{"@type":"WebPage","@id":"https:\/\/thebesthotelsmag.com\/fr\/mentions-legales-et-cgu\/","url":"https:\/\/thebesthotelsmag.com\/fr\/mentions-legales-et-cgu\/","name":"Mentions l\u00e9gales et CGU - Thebesthotelsmag","isPartOf":{"@id":"https:\/\/thebesthotelsmag.com\/#website"},"datePublished":"2023-03-22T09:58:49+00:00","dateModified":"2026-02-06T14:35:26+00:00","description":"D\u00e9couvrez notre s\u00e9lection d'h\u00f4tels de qualit\u00e9, des h\u00f4tels de luxe aux boutiques-h\u00f4tels uniques, offrant confort, service impeccable et localisation id\u00e9ale. Trouvez et r\u00e9servez l\u2019h\u00e9bergement parfait pour vos voyages d\u2019affaires, escapades romantiques ou vacances en famille.","breadcrumb":{"@id":"https:\/\/thebesthotelsmag.com\/fr\/mentions-legales-et-cgu\/#breadcrumb"},"inLanguage":"fr-FR","potentialAction":[{"@type":"ReadAction","target":["https:\/\/thebesthotelsmag.com\/fr\/mentions-legales-et-cgu\/"]}]},{"@type":"BreadcrumbList","@id":"https:\/\/thebesthotelsmag.com\/fr\/mentions-legales-et-cgu\/#breadcrumb","itemListElement":[{"@type":"ListItem","position":1,"name":"Home","item":"https:\/\/thebesthotelsmag.com\/"},{"@type":"ListItem","position":2,"name":"Mentions l\u00e9gales et CGU"}]},{"@type":"WebSite","@id":"https:\/\/thebesthotelsmag.com\/#website","url":"https:\/\/thebesthotelsmag.com\/","name":"Thebesthotelsww","description":"The Best Hotels Mag","publisher":{"@id":"https:\/\/thebesthotelsmag.com\/#organization"},"alternateName":"The best hotels worldwide","potentialAction":[{"@type":"SearchAction","target":{"@type":"EntryPoint","urlTemplate":"https:\/\/thebesthotelsmag.com\/?s={search_term_string}"},"query-input":{"@type":"PropertyValueSpecification","valueRequired":true,"valueName":"search_term_string"}}],"inLanguage":"fr-FR"},{"@type":"Organization","@id":"https:\/\/thebesthotelsmag.com\/#organization","name":"thebesthotelsmag","url":"https:\/\/thebesthotelsmag.com\/","logo":{"@type":"ImageObject","inLanguage":"fr-FR","@id":"https:\/\/thebesthotelsmag.com\/#\/schema\/logo\/image\/","url":"https:\/\/thebesthotelsmag.com\/wp-content\/uploads\/2026\/02\/logo-fond-perdu.png","contentUrl":"https:\/\/thebesthotelsmag.com\/wp-content\/uploads\/2026\/02\/logo-fond-perdu.png","width":1536,"height":1024,"caption":"thebesthotelsmag"},"image":{"@id":"https:\/\/thebesthotelsmag.com\/#\/schema\/logo\/image\/"},"sameAs":["https:\/\/www.facebook.com\/people\/Best-Hotels-Worldwide\/61560334858085\/","https:\/\/www.instagram.com\/the.best.hotels.worldwide\/","https:\/\/www.youtube.com\/@thebesthotelsworldwide-en6pm"],"description":"The Best Hotels Worldwide est une plateforme d\u00e9di\u00e9e aux voyageurs exigeants en qu\u00eate d\u2019exp\u00e9riences d\u2019h\u00e9bergement exceptionnelles \u00e0 travers le monde. Nous s\u00e9lectionnons avec soin les h\u00f4tels de luxe, les boutiques-h\u00f4tels uniques et les r\u00e9sidences de charme pour offrir \u00e0 nos visiteurs une liste tri\u00e9e sur le volet d\u2019\u00e9tablissements qui allient confort, \u00e9l\u00e9gance et qualit\u00e9 de service. Que vous planifiiez un voyage d'affaires, une escapade romantique, ou des vacances en famille, The Best Hotels Worldwide vous guide vers des options d'h\u00e9bergement qui r\u00e9pondent \u00e0 vos attentes.","email":"info@tbh.eu.com","telephone":"+ 33 1 84 80 00 07","publishingPrinciples":"https:\/\/thebesthotelsmag.com\/fr\/mentions-legales-et-cgu\/"}]}},"_hostinger_reach_plugin_has_subscription_block":false,"_hostinger_reach_plugin_is_elementor":false,"_links":{"self":[{"href":"https:\/\/thebesthotelsmag.com\/fr\/wp-json\/wp\/v2\/pages\/2264","targetHints":{"allow":["GET"]}}],"collection":[{"href":"https:\/\/thebesthotelsmag.com\/fr\/wp-json\/wp\/v2\/pages"}],"about":[{"href":"https:\/\/thebesthotelsmag.com\/fr\/wp-json\/wp\/v2\/types\/page"}],"author":[{"embeddable":true,"href":"https:\/\/thebesthotelsmag.com\/fr\/wp-json\/wp\/v2\/users\/5"}],"replies":[{"embeddable":true,"href":"https:\/\/thebesthotelsmag.com\/fr\/wp-json\/wp\/v2\/comments?post=2264"}],"version-history":[{"count":17,"href":"https:\/\/thebesthotelsmag.com\/fr\/wp-json\/wp\/v2\/pages\/2264\/revisions"}],"predecessor-version":[{"id":9178,"href":"https:\/\/thebesthotelsmag.com\/fr\/wp-json\/wp\/v2\/pages\/2264\/revisions\/9178"}],"wp:attachment":[{"href":"https:\/\/thebesthotelsmag.com\/fr\/wp-json\/wp\/v2\/media?parent=2264"}],"curies":[{"name":"wp","href":"https:\/\/api.w.org\/{rel}","templated":true}]}}